{"id":53,"date":"2025-04-03T17:34:20","date_gmt":"2025-04-03T17:34:20","guid":{"rendered":"https:\/\/expai.ftpporto.com\/?page_id=53"},"modified":"2025-04-21T11:10:52","modified_gmt":"2025-04-21T11:10:52","slug":"contacto","status":"publish","type":"page","link":"https:\/\/expai.ftpporto.com\/?page_id=53","title":{"rendered":"Contacto"},"content":{"rendered":"<div class=\"wpb-content-wrapper\"><div class=\"vc_row wpb_row vc_row-fluid\"><div class=\"wpb_column vc_column_container vc_col-sm-12\"><div class=\"vc_column-inner\"><div class=\"wpb_wrapper\">\n\t<div class=\"wpb_text_column wpb_content_element\" >\n\t\t<div class=\"wpb_wrapper\">\n\t\t\t<div class=\"wpb_text_column wpb_content_element\">\n<div class=\"wpb_wrapper\">\n<h5 class=\"has-text-color\">Entre em contacto com a nossa equipa atrav\u00e9s deste acess\u00edvel formul\u00e1rio de contacto.<\/h5>\n<h5 class=\"has-text-color\">Daremos feedback assim que poss\u00edvel!<\/h5>\n<\/div>\n<\/div>\n\n\t\t<\/div>\n\t<\/div>\n<\/div><\/div><\/div><\/div><div class=\"vc_row wpb_row vc_row-fluid\"><div class=\"wpb_column vc_column_container vc_col-sm-12\"><div class=\"vc_column-inner\"><div class=\"wpb_wrapper\"><div class=\"wpforms-container wpforms-container-full wpforms-render-modern\" id=\"wpforms-55\"><form id=\"wpforms-form-55\" class=\"wpforms-validate wpforms-form wpforms-ajax-form\" data-formid=\"55\" method=\"post\" enctype=\"multipart\/form-data\" action=\"\/index.php?rest_route=%2Fwp%2Fv2%2Fpages%2F53\" data-token=\"5ac5807bdf1eae2a10baf0a1677ec5f2\" data-token-time=\"1776758129\"><noscript class=\"wpforms-error-noscript\">Please enable JavaScript in your browser to complete this form.<\/noscript><div class=\"wpforms-hidden\" id=\"wpforms-error-noscript\">Please enable JavaScript in your browser to complete this form.<\/div><div class=\"wpforms-field-container\"><div id=\"wpforms-55-field_1-container\" class=\"wpforms-field wpforms-field-name\" data-field-id=\"1\"><label class=\"wpforms-field-label\" for=\"wpforms-55-field_1\">Nome <span class=\"wpforms-required-label\" aria-hidden=\"true\">*<\/span><\/label><input type=\"text\" id=\"wpforms-55-field_1\" class=\"wpforms-field-large wpforms-field-required\" name=\"wpforms[fields][1]\" aria-errormessage=\"wpforms-55-field_1-error\" required><\/div><div id=\"wpforms-55-field_2-container\" class=\"wpforms-field wpforms-field-email\" data-field-id=\"2\"><label class=\"wpforms-field-label\" for=\"wpforms-55-field_2\">Email <span class=\"wpforms-required-label\" aria-hidden=\"true\">*<\/span><\/label><input type=\"email\" id=\"wpforms-55-field_2\" class=\"wpforms-field-large wpforms-field-required\" name=\"wpforms[fields][2]\" spellcheck=\"false\" aria-errormessage=\"wpforms-55-field_2-error\" required><\/div><div id=\"wpforms-55-field_3-container\" class=\"wpforms-field wpforms-field-textarea\" data-field-id=\"3\"><label class=\"wpforms-field-label\" for=\"wpforms-55-field_3\">Mensagem<\/label><textarea id=\"wpforms-55-field_3\" class=\"wpforms-field-medium\" name=\"wpforms[fields][3]\" aria-errormessage=\"wpforms-55-field_3-error\" ><\/textarea><\/div><\/div><!-- .wpforms-field-container --><div class=\"wpforms-submit-container\" ><input type=\"hidden\" name=\"wpforms[id]\" value=\"55\"><input type=\"hidden\" name=\"page_title\" value=\"\"><input type=\"hidden\" name=\"page_url\" value=\"https:\/\/expai.ftpporto.com\/index.php?rest_route=\/wp\/v2\/pages\/53\"><input type=\"hidden\" name=\"url_referer\" value=\"\"><button type=\"submit\" name=\"wpforms[submit]\" id=\"wpforms-submit-55\" class=\"wpforms-submit\" data-alt-text=\"Enviar...\" data-submit-text=\"Enviar\" aria-live=\"assertive\" value=\"wpforms-submit\">Enviar<\/button><img loading=\"lazy\" decoding=\"async\" src=\"https:\/\/expai.ftpporto.com\/wp-content\/plugins\/wpforms-lite\/assets\/images\/submit-spin.svg\" class=\"wpforms-submit-spinner\" style=\"display: none;\" width=\"26\" height=\"26\" alt=\"Loading\"><\/div><\/form><\/div>  <!-- .wpforms-container --><\/div><\/div><\/div><\/div><div data-vc-full-width=\"true\" data-vc-full-width-init=\"false\" class=\"vc_row wpb_row vc_row-fluid\"><div class=\"wpb_column vc_column_container vc_col-sm-12\"><div class=\"vc_column-inner\"><div class=\"wpb_wrapper\">\n\t<div id=\"imagem-barra\" class=\"wpb_single_image wpb_content_element vc_align_center wpb_content_element\">\n\t\t\n\t\t<figure class=\"wpb_wrapper vc_figure\">\n\t\t\t<div class=\"vc_single_image-wrapper   vc_box_border_grey\"><img loading=\"lazy\" decoding=\"async\" width=\"1438\" height=\"188\" src=\"https:\/\/expai.ftpporto.com\/wp-content\/uploads\/2025\/04\/Barra-Financiamento.png\" class=\"vc_single_image-img attachment-full\" alt=\"\" title=\"Barra Financiamento\" srcset=\"https:\/\/expai.ftpporto.com\/wp-content\/uploads\/2025\/04\/Barra-Financiamento.png 1438w, https:\/\/expai.ftpporto.com\/wp-content\/uploads\/2025\/04\/Barra-Financiamento-300x39.png 300w, https:\/\/expai.ftpporto.com\/wp-content\/uploads\/2025\/04\/Barra-Financiamento-1024x134.png 1024w, https:\/\/expai.ftpporto.com\/wp-content\/uploads\/2025\/04\/Barra-Financiamento-768x100.png 768w\" sizes=\"auto, (max-width: 1438px) 100vw, 1438px\" \/><\/div>\n\t\t<\/figure>\n\t<\/div>\n<\/div><\/div><\/div><\/div><div class=\"vc_row-full-width vc_clearfix\"><\/div>\n<\/div>","protected":false},"excerpt":{"rendered":"Entre em contacto com a nossa equipa atrav\u00e9s deste acess\u00edvel formul\u00e1rio de contacto. Daremos feedback assim que poss\u00edvel! Please enable JavaScript in your browser to complete this form.Please enable JavaScript in your browser to complete this form.Nome *Email *MensagemEnviar","protected":false},"author":1,"featured_media":0,"parent":0,"menu_order":0,"comment_status":"closed","ping_status":"closed","template":"","meta":{"footnotes":""},"class_list":["post-53","page","type-page","status-publish"],"_links":{"self":[{"href":"https:\/\/expai.ftpporto.com\/index.php?rest_route=\/wp\/v2\/pages\/53","targetHints":{"allow":["GET"]}}],"collection":[{"href":"https:\/\/expai.ftpporto.com\/index.php?rest_route=\/wp\/v2\/pages"}],"about":[{"href":"https:\/\/expai.ftpporto.com\/index.php?rest_route=\/wp\/v2\/types\/page"}],"author":[{"embeddable":true,"href":"https:\/\/expai.ftpporto.com\/index.php?rest_route=\/wp\/v2\/users\/1"}],"replies":[{"embeddable":true,"href":"https:\/\/expai.ftpporto.com\/index.php?rest_route=%2Fwp%2Fv2%2Fcomments&post=53"}],"version-history":[{"count":4,"href":"https:\/\/expai.ftpporto.com\/index.php?rest_route=\/wp\/v2\/pages\/53\/revisions"}],"predecessor-version":[{"id":205,"href":"https:\/\/expai.ftpporto.com\/index.php?rest_route=\/wp\/v2\/pages\/53\/revisions\/205"}],"wp:attachment":[{"href":"https:\/\/expai.ftpporto.com\/index.php?rest_route=%2Fwp%2Fv2%2Fmedia&parent=53"}],"curies":[{"name":"wp","href":"https:\/\/api.w.org\/{rel}","templated":true}]}}