{"id":44,"date":"2025-04-04T08:26:45","date_gmt":"2025-04-04T08:26:45","guid":{"rendered":"https:\/\/expai.ftpporto.com\/?page_id=44"},"modified":"2025-04-21T10:14:22","modified_gmt":"2025-04-21T10:14:22","slug":"consorcio","status":"publish","type":"page","link":"https:\/\/expai.ftpporto.com\/?page_id=44","title":{"rendered":"Cons\u00f3rcio"},"content":{"rendered":"<div class=\"wpb-content-wrapper\"><div class=\"vc_row wpb_row vc_row-fluid\"><div class=\"wpb_column vc_column_container vc_col-sm-12\"><div class=\"vc_column-inner\"><div class=\"wpb_wrapper\">\n\t<div class=\"wpb_text_column wpb_content_element\" id=\"lideres-projeto\">\n\t\t<div class=\"wpb_wrapper\">\n\t\t\t<h3><\/h3>\n<h3><\/h3>\n<h3><span style=\"color: #999999;\"><em>L\u00edderes do Projeto<\/em><\/span><\/h3>\n\n\t\t<\/div>\n\t<\/div>\n<div class=\"vc_row wpb_row vc_inner vc_row-fluid\"><div class=\"wpb_column vc_column_container vc_col-sm-1\/5\"><div class=\"vc_column-inner\"><div class=\"wpb_wrapper\">\n\t<div id=\"titulo-korea\" class=\"wpb_single_image wpb_content_element vc_align_left wpb_content_element  cursor-pointer\">\n\t\t\n\t\t<figure class=\"wpb_wrapper vc_figure\">\n\t\t\t<div class=\"vc_single_image-wrapper   vc_box_border_grey\"><img loading=\"lazy\" decoding=\"async\" width=\"150\" height=\"150\" src=\"https:\/\/expai.ftpporto.com\/wp-content\/uploads\/2025\/04\/korea_BG-150x150.png\" class=\"vc_single_image-img attachment-thumbnail\" alt=\"\" title=\"korea_BG\" srcset=\"https:\/\/expai.ftpporto.com\/wp-content\/uploads\/2025\/04\/korea_BG-150x150.png 150w, https:\/\/expai.ftpporto.com\/wp-content\/uploads\/2025\/04\/korea_BG-300x300.png 300w, https:\/\/expai.ftpporto.com\/wp-content\/uploads\/2025\/04\/korea_BG.png 500w\" sizes=\"auto, (max-width: 150px) 100vw, 150px\" \/><\/div>\n\t\t<\/figure>\n\t<\/div>\n<\/div><\/div><\/div><div class=\"wpb_column vc_column_container vc_col-sm-1\/5\"><div class=\"vc_column-inner\"><div class=\"wpb_wrapper\">\n\t<div id=\"titulo-portugal\" class=\"wpb_single_image wpb_content_element vc_align_left wpb_content_element  cursor-pointer\">\n\t\t\n\t\t<figure class=\"wpb_wrapper vc_figure\">\n\t\t\t<div class=\"vc_single_image-wrapper   vc_box_border_grey\"><img loading=\"lazy\" decoding=\"async\" width=\"150\" height=\"150\" src=\"https:\/\/expai.ftpporto.com\/wp-content\/uploads\/2025\/04\/portugal_BG-150x150.png\" class=\"vc_single_image-img attachment-thumbnail\" alt=\"\" title=\"portugal_BG\" \/><\/div>\n\t\t<\/figure>\n\t<\/div>\n<\/div><\/div><\/div><div class=\"wpb_column vc_column_container vc_col-sm-1\/5\"><div class=\"vc_column-inner\"><div class=\"wpb_wrapper\">\n\t<div id=\"titulo-espanha\" class=\"wpb_single_image wpb_content_element vc_align_left wpb_content_element  cursor-pointer\">\n\t\t\n\t\t<figure class=\"wpb_wrapper vc_figure\">\n\t\t\t<div class=\"vc_single_image-wrapper   vc_box_border_grey\"><img loading=\"lazy\" decoding=\"async\" width=\"150\" height=\"150\" src=\"https:\/\/expai.ftpporto.com\/wp-content\/uploads\/2025\/04\/spain_BG-150x150.png\" class=\"vc_single_image-img attachment-thumbnail\" alt=\"\" title=\"spain_BG\" srcset=\"https:\/\/expai.ftpporto.com\/wp-content\/uploads\/2025\/04\/spain_BG-150x150.png 150w, https:\/\/expai.ftpporto.com\/wp-content\/uploads\/2025\/04\/spain_BG-300x300.png 300w, https:\/\/expai.ftpporto.com\/wp-content\/uploads\/2025\/04\/spain_BG.png 500w\" sizes=\"auto, (max-width: 150px) 100vw, 150px\" \/><\/div>\n\t\t<\/figure>\n\t<\/div>\n<\/div><\/div><\/div><div class=\"wpb_column vc_column_container vc_col-sm-1\/5\"><div class=\"vc_column-inner\"><div class=\"wpb_wrapper\">\n\t<div id=\"titulo-belgica\" class=\"wpb_single_image wpb_content_element vc_align_left wpb_content_element  cursor-pointer\">\n\t\t\n\t\t<figure class=\"wpb_wrapper vc_figure\">\n\t\t\t<div class=\"vc_single_image-wrapper   vc_box_border_grey\"><img loading=\"lazy\" decoding=\"async\" width=\"150\" height=\"150\" src=\"https:\/\/expai.ftpporto.com\/wp-content\/uploads\/2025\/04\/belgica-BG-150x150.png\" class=\"vc_single_image-img attachment-thumbnail\" alt=\"\" title=\"belgica-BG\" srcset=\"https:\/\/expai.ftpporto.com\/wp-content\/uploads\/2025\/04\/belgica-BG-150x150.png 150w, https:\/\/expai.ftpporto.com\/wp-content\/uploads\/2025\/04\/belgica-BG-300x300.png 300w, https:\/\/expai.ftpporto.com\/wp-content\/uploads\/2025\/04\/belgica-BG.png 500w\" sizes=\"auto, (max-width: 150px) 100vw, 150px\" \/><\/div>\n\t\t<\/figure>\n\t<\/div>\n<\/div><\/div><\/div><div class=\"wpb_column vc_column_container vc_col-sm-1\/5\"><div class=\"vc_column-inner\"><div class=\"wpb_wrapper\">\n\t<div id=\"titulo-turquia\" class=\"wpb_single_image wpb_content_element vc_align_left wpb_content_element  cursor-pointer\">\n\t\t\n\t\t<figure class=\"wpb_wrapper vc_figure\">\n\t\t\t<div class=\"vc_single_image-wrapper   vc_box_border_grey\"><img loading=\"lazy\" decoding=\"async\" width=\"150\" height=\"150\" src=\"https:\/\/expai.ftpporto.com\/wp-content\/uploads\/2025\/04\/turquia-BG-150x150.png\" class=\"vc_single_image-img attachment-thumbnail\" alt=\"\" title=\"turquia-BG\" \/><\/div>\n\t\t<\/figure>\n\t<\/div>\n<\/div><\/div><\/div><\/div><\/div><\/div><\/div><\/div><div class=\"vc_row wpb_row vc_row-fluid vc_custom_1744036379966 vc_row-has-fill\"><div class=\"wpb_column vc_column_container vc_col-sm-4 vc_col-has-fill\"><div class=\"vc_column-inner vc_custom_1744036593154\"><div class=\"wpb_wrapper\">\n\t<div class=\"wpb_text_column wpb_content_element\" id=\"korea\">\n\t\t<div class=\"wpb_wrapper\">\n\t\t\t<h2><span style=\"color: #a58958;\"><em>Rep\u00fablica da Korea<\/em><\/span><\/h2>\n\n\t\t<\/div>\n\t<\/div>\n<\/div><\/div><\/div><div class=\"wpb_column vc_column_container vc_col-sm-8\"><div class=\"vc_column-inner\"><div class=\"wpb_wrapper\"><\/div><\/div><\/div><\/div><div class=\"vc_row wpb_row vc_row-fluid vc_row-o-content-middle vc_row-flex\"><div class=\"wpb_column vc_column_container vc_col-sm-6\"><div class=\"vc_column-inner\"><div class=\"wpb_wrapper\">\n\t<div  class=\"wpb_single_image wpb_content_element vc_align_center wpb_content_element\">\n\t\t\n\t\t<figure class=\"wpb_wrapper vc_figure\">\n\t\t\t<div class=\"vc_single_image-wrapper   vc_box_border_grey\"><img loading=\"lazy\" decoding=\"async\" width=\"150\" height=\"150\" src=\"https:\/\/expai.ftpporto.com\/wp-content\/uploads\/2025\/04\/kiro_korea-150x150.png\" class=\"vc_single_image-img attachment-thumbnail\" alt=\"\" title=\"kiro_korea\" srcset=\"https:\/\/expai.ftpporto.com\/wp-content\/uploads\/2025\/04\/kiro_korea-150x150.png 150w, https:\/\/expai.ftpporto.com\/wp-content\/uploads\/2025\/04\/kiro_korea.png 200w\" sizes=\"auto, (max-width: 150px) 100vw, 150px\" \/><\/div>\n\t\t<\/figure>\n\t<\/div>\n<\/div><\/div><\/div><div class=\"wpb_column vc_column_container vc_col-sm-6\"><div class=\"vc_column-inner\"><div class=\"wpb_wrapper\">\n\t<div  class=\"wpb_single_image wpb_content_element vc_align_center wpb_content_element\">\n\t\t\n\t\t<figure class=\"wpb_wrapper vc_figure\">\n\t\t\t<div class=\"vc_single_image-wrapper   vc_box_border_grey\"><img loading=\"lazy\" decoding=\"async\" width=\"200\" height=\"55\" src=\"https:\/\/expai.ftpporto.com\/wp-content\/uploads\/2025\/04\/nanosystems_korea.png\" class=\"vc_single_image-img attachment-medium\" alt=\"\" title=\"nanosystems_korea\" \/><\/div>\n\t\t<\/figure>\n\t<\/div>\n<\/div><\/div><\/div><\/div><div class=\"vc_row wpb_row vc_row-fluid vc_row-o-content-bottom vc_row-flex\"><div class=\"wpb_column vc_column_container vc_col-sm-6\"><div class=\"vc_column-inner\"><div class=\"wpb_wrapper\">\n\t<div class=\"wpb_text_column wpb_content_element\" >\n\t\t<div class=\"wpb_wrapper\">\n\t\t\t<h5 class=\"card-title\" style=\"text-align: center;\">Korea Institute of Robotics &amp; Technology Convergence (KIRO)<\/h5>\n\n\t\t<\/div>\n\t<\/div>\n<\/div><\/div><\/div><div class=\"wpb_column vc_column_container vc_col-sm-6\"><div class=\"vc_column-inner\"><div class=\"wpb_wrapper\">\n\t<div class=\"wpb_text_column wpb_content_element\" >\n\t\t<div class=\"wpb_wrapper\">\n\t\t\t<h5 class=\"card-title\" style=\"text-align: center;\">Nanosystems Co., Ltd.<\/h5>\n\n\t\t<\/div>\n\t<\/div>\n<\/div><\/div><\/div><\/div><div class=\"vc_row wpb_row vc_row-fluid\"><div class=\"wpb_column vc_column_container vc_col-sm-2 vc_col-has-fill\"><div class=\"vc_column-inner vc_custom_1744036683965\"><div class=\"wpb_wrapper\">\n\t<div class=\"wpb_text_column wpb_content_element\" id=\"portugal\">\n\t\t<div class=\"wpb_wrapper\">\n\t\t\t<h2><span style=\"color: #a58958;\"><em>Portugal<\/em><\/span><\/h2>\n\n\t\t<\/div>\n\t<\/div>\n<\/div><\/div><\/div><div class=\"wpb_column vc_column_container vc_col-sm-10\"><div class=\"vc_column-inner\"><div class=\"wpb_wrapper\"><\/div><\/div><\/div><\/div><div class=\"vc_row wpb_row vc_row-fluid vc_row-o-content-middle vc_row-flex\"><div class=\"wpb_column vc_column_container vc_col-sm-4\"><div class=\"vc_column-inner\"><div class=\"wpb_wrapper\">\n\t<div  class=\"wpb_single_image wpb_content_element vc_align_center wpb_content_element\">\n\t\t\n\t\t<figure class=\"wpb_wrapper vc_figure\">\n\t\t\t<div class=\"vc_single_image-wrapper   vc_box_border_grey\"><img loading=\"lazy\" decoding=\"async\" width=\"150\" height=\"150\" src=\"https:\/\/expai.ftpporto.com\/wp-content\/uploads\/2025\/04\/ftp-150x150.webp\" class=\"vc_single_image-img attachment-thumbnail\" alt=\"\" title=\"ftp\" srcset=\"https:\/\/expai.ftpporto.com\/wp-content\/uploads\/2025\/04\/ftp-150x150.webp 150w, https:\/\/expai.ftpporto.com\/wp-content\/uploads\/2025\/04\/ftp.webp 170w\" sizes=\"auto, (max-width: 150px) 100vw, 150px\" \/><\/div>\n\t\t<\/figure>\n\t<\/div>\n<\/div><\/div><\/div><div class=\"wpb_column vc_column_container vc_col-sm-4\"><div class=\"vc_column-inner\"><div class=\"wpb_wrapper\">\n\t<div  class=\"wpb_single_image wpb_content_element vc_align_center wpb_content_element\">\n\t\t\n\t\t<figure class=\"wpb_wrapper vc_figure\">\n\t\t\t<div class=\"vc_single_image-wrapper   vc_box_border_grey\"><img loading=\"lazy\" decoding=\"async\" width=\"200\" height=\"29\" src=\"https:\/\/expai.ftpporto.com\/wp-content\/uploads\/2025\/04\/edgar-praca_portugal.png\" class=\"vc_single_image-img attachment-medium\" alt=\"\" title=\"edgar-praca_portugal\" \/><\/div>\n\t\t<\/figure>\n\t<\/div>\n<\/div><\/div><\/div><div class=\"wpb_column vc_column_container vc_col-sm-4\"><div class=\"vc_column-inner\"><div class=\"wpb_wrapper\">\n\t<div  class=\"wpb_single_image wpb_content_element vc_align_center wpb_content_element\">\n\t\t\n\t\t<figure class=\"wpb_wrapper vc_figure\">\n\t\t\t<div class=\"vc_single_image-wrapper   vc_box_border_grey\"><img loading=\"lazy\" decoding=\"async\" width=\"200\" height=\"59\" src=\"https:\/\/expai.ftpporto.com\/wp-content\/uploads\/2025\/04\/isep.png\" class=\"vc_single_image-img attachment-medium\" alt=\"\" title=\"isep\" \/><\/div>\n\t\t<\/figure>\n\t<\/div>\n<\/div><\/div><\/div><\/div><div class=\"vc_row wpb_row vc_row-fluid vc_row-o-content-bottom vc_row-flex\"><div class=\"wpb_column vc_column_container vc_col-sm-4\"><div class=\"vc_column-inner\"><div class=\"wpb_wrapper\">\n\t<div class=\"wpb_text_column wpb_content_element\" >\n\t\t<div class=\"wpb_wrapper\">\n\t\t\t<p style=\"text-align: center;\">FTP &#8211; Solu\u00e7\u00f5es Empresariais<\/p>\n\n\t\t<\/div>\n\t<\/div>\n<\/div><\/div><\/div><div class=\"wpb_column vc_column_container vc_col-sm-4\"><div class=\"vc_column-inner\"><div class=\"wpb_wrapper\">\n\t<div class=\"wpb_text_column wpb_content_element\" >\n\t\t<div class=\"wpb_wrapper\">\n\t\t\t<p style=\"text-align: center;\">Edgar Pra\u00e7a, Lda<\/p>\n\n\t\t<\/div>\n\t<\/div>\n<\/div><\/div><\/div><div class=\"wpb_column vc_column_container vc_col-sm-4\"><div class=\"vc_column-inner\"><div class=\"wpb_wrapper\">\n\t<div class=\"wpb_text_column wpb_content_element\" >\n\t\t<div class=\"wpb_wrapper\">\n\t\t\t<p style=\"text-align: center;\">Instituto Superior de Engenharia do Porto (ISEP)<\/p>\n\n\t\t<\/div>\n\t<\/div>\n<\/div><\/div><\/div><\/div><div class=\"vc_row wpb_row vc_row-fluid\"><div class=\"wpb_column vc_column_container vc_col-sm-2 vc_col-has-fill\"><div class=\"vc_column-inner vc_custom_1744036722869\"><div class=\"wpb_wrapper\">\n\t<div class=\"wpb_text_column wpb_content_element\" id=\"espanha\">\n\t\t<div class=\"wpb_wrapper\">\n\t\t\t<h2><span style=\"color: #a58958;\"><em>Espanha<\/em><\/span><\/h2>\n\n\t\t<\/div>\n\t<\/div>\n<\/div><\/div><\/div><div class=\"wpb_column vc_column_container vc_col-sm-10\"><div class=\"vc_column-inner\"><div class=\"wpb_wrapper\"><\/div><\/div><\/div><\/div><div class=\"vc_row wpb_row vc_row-fluid vc_row-o-content-bottom vc_row-flex\"><div class=\"wpb_column vc_column_container vc_col-sm-12\"><div class=\"vc_column-inner\"><div class=\"wpb_wrapper\">\n\t<div  class=\"wpb_single_image wpb_content_element vc_align_left wpb_content_element\">\n\t\t\n\t\t<figure class=\"wpb_wrapper vc_figure\">\n\t\t\t<div class=\"vc_single_image-wrapper   vc_box_border_grey\"><img loading=\"lazy\" decoding=\"async\" width=\"150\" height=\"150\" src=\"https:\/\/expai.ftpporto.com\/wp-content\/uploads\/2025\/04\/accuro_espanha-150x150.png\" class=\"vc_single_image-img attachment-thumbnail\" alt=\"\" title=\"accuro_espanha\" \/><\/div>\n\t\t<\/figure>\n\t<\/div>\n\n\t<div class=\"wpb_text_column wpb_content_element\" >\n\t\t<div class=\"wpb_wrapper\">\n\t\t\t<h5 class=\"card-title\">Accuro Technology S.l<\/h5>\n\n\t\t<\/div>\n\t<\/div>\n<\/div><\/div><\/div><\/div><div class=\"vc_row wpb_row vc_row-fluid\"><div class=\"wpb_column vc_column_container vc_col-sm-2 vc_col-has-fill\"><div class=\"vc_column-inner vc_custom_1744036755229\"><div class=\"wpb_wrapper\">\n\t<div class=\"wpb_text_column wpb_content_element\" id=\"belgica\">\n\t\t<div class=\"wpb_wrapper\">\n\t\t\t<h2><span style=\"color: #a58958;\"><em>B\u00e9lgica<\/em><\/span><\/h2>\n\n\t\t<\/div>\n\t<\/div>\n<\/div><\/div><\/div><div class=\"wpb_column vc_column_container vc_col-sm-10\"><div class=\"vc_column-inner\"><div class=\"wpb_wrapper\"><\/div><\/div><\/div><\/div><div class=\"vc_row wpb_row vc_row-fluid vc_row-o-content-bottom vc_row-flex\"><div class=\"wpb_column vc_column_container vc_col-sm-12\"><div class=\"vc_column-inner\"><div class=\"wpb_wrapper\">\n\t<div  class=\"wpb_single_image wpb_content_element vc_align_left wpb_content_element\">\n\t\t\n\t\t<figure class=\"wpb_wrapper vc_figure\">\n\t\t\t<div class=\"vc_single_image-wrapper   vc_box_border_grey\"><img loading=\"lazy\" decoding=\"async\" width=\"122\" height=\"40\" src=\"https:\/\/expai.ftpporto.com\/wp-content\/uploads\/2025\/04\/Beia_belgica.png\" class=\"vc_single_image-img attachment-thumbnail\" alt=\"\" title=\"Beia_belgica\" \/><\/div>\n\t\t<\/figure>\n\t<\/div>\n\n\t<div class=\"wpb_text_column wpb_content_element\" >\n\t\t<div class=\"wpb_wrapper\">\n\t\t\t<h5 class=\"card-title\">BEIA SRL<\/h5>\n\n\t\t<\/div>\n\t<\/div>\n<\/div><\/div><\/div><\/div><div class=\"vc_row wpb_row vc_row-fluid\"><div class=\"wpb_column vc_column_container vc_col-sm-2 vc_col-has-fill\"><div class=\"vc_column-inner vc_custom_1744036780892\"><div class=\"wpb_wrapper\">\n\t<div class=\"wpb_text_column wpb_content_element\" id=\"turquia\">\n\t\t<div class=\"wpb_wrapper\">\n\t\t\t<h2><span style=\"color: #a58958;\"><em>Turquia<\/em><\/span><\/h2>\n\n\t\t<\/div>\n\t<\/div>\n<\/div><\/div><\/div><div class=\"wpb_column vc_column_container vc_col-sm-10\"><div class=\"vc_column-inner\"><div class=\"wpb_wrapper\"><\/div><\/div><\/div><\/div><div class=\"vc_row wpb_row vc_row-fluid vc_row-o-content-bottom vc_row-flex\"><div class=\"wpb_column vc_column_container vc_col-sm-12\"><div class=\"vc_column-inner\"><div class=\"wpb_wrapper\">\n\t<div  class=\"wpb_single_image wpb_content_element vc_align_left wpb_content_element\">\n\t\t\n\t\t<figure class=\"wpb_wrapper vc_figure\">\n\t\t\t<div class=\"vc_single_image-wrapper   vc_box_border_grey\"><img loading=\"lazy\" decoding=\"async\" width=\"150\" height=\"150\" src=\"https:\/\/expai.ftpporto.com\/wp-content\/uploads\/2025\/04\/Acd-bilgi_turquia-150x150.png\" class=\"vc_single_image-img attachment-thumbnail\" alt=\"\" title=\"Acd-bilgi_turquia\" srcset=\"https:\/\/expai.ftpporto.com\/wp-content\/uploads\/2025\/04\/Acd-bilgi_turquia-150x150.png 150w, https:\/\/expai.ftpporto.com\/wp-content\/uploads\/2025\/04\/Acd-bilgi_turquia.png 200w\" sizes=\"auto, (max-width: 150px) 100vw, 150px\" \/><\/div>\n\t\t<\/figure>\n\t<\/div>\n\n\t<div class=\"wpb_text_column wpb_content_element\" >\n\t\t<div class=\"wpb_wrapper\">\n\t\t\t<h5 class=\"card-title\">Acd Bilgi Islem ltd.sti.<\/h5>\n\n\t\t<\/div>\n\t<\/div>\n<\/div><\/div><\/div><\/div><div data-vc-full-width=\"true\" data-vc-full-width-init=\"false\" class=\"vc_row wpb_row vc_row-fluid\"><div class=\"wpb_column vc_column_container vc_col-sm-12\"><div class=\"vc_column-inner\"><div class=\"wpb_wrapper\">\n\t<div id=\"imagem-barra\" class=\"wpb_single_image wpb_content_element vc_align_center wpb_content_element\">\n\t\t\n\t\t<figure class=\"wpb_wrapper vc_figure\">\n\t\t\t<div class=\"vc_single_image-wrapper   vc_box_border_grey\"><img loading=\"lazy\" decoding=\"async\" width=\"1438\" height=\"188\" src=\"https:\/\/expai.ftpporto.com\/wp-content\/uploads\/2025\/04\/Barra-Financiamento.png\" class=\"vc_single_image-img attachment-full\" alt=\"\" title=\"Barra Financiamento\" srcset=\"https:\/\/expai.ftpporto.com\/wp-content\/uploads\/2025\/04\/Barra-Financiamento.png 1438w, https:\/\/expai.ftpporto.com\/wp-content\/uploads\/2025\/04\/Barra-Financiamento-300x39.png 300w, https:\/\/expai.ftpporto.com\/wp-content\/uploads\/2025\/04\/Barra-Financiamento-1024x134.png 1024w, https:\/\/expai.ftpporto.com\/wp-content\/uploads\/2025\/04\/Barra-Financiamento-768x100.png 768w\" sizes=\"auto, (max-width: 1438px) 100vw, 1438px\" \/><\/div>\n\t\t<\/figure>\n\t<\/div>\n<\/div><\/div><\/div><\/div><div class=\"vc_row-full-width vc_clearfix\"><\/div>\n<\/div>","protected":false},"excerpt":{"rendered":"L\u00edderes do Projeto Rep\u00fablica da Korea Korea Institute of Robotics &amp; Technology Convergence (KIRO) Nanosystems Co., Ltd. Portugal FTP - Solu\u00e7\u00f5es Empresariais Edgar Pra\u00e7a, Lda Instituto Superior de Engenharia do Porto (ISEP) Espanha Accuro Technology S.l B\u00e9lgica BEIA SRL Turquia Acd Bilgi Islem ltd.sti.","protected":false},"author":1,"featured_media":0,"parent":0,"menu_order":0,"comment_status":"closed","ping_status":"closed","template":"","meta":{"footnotes":""},"class_list":["post-44","page","type-page","status-publish"],"_links":{"self":[{"href":"https:\/\/expai.ftpporto.com\/index.php?rest_route=\/wp\/v2\/pages\/44","targetHints":{"allow":["GET"]}}],"collection":[{"href":"https:\/\/expai.ftpporto.com\/index.php?rest_route=\/wp\/v2\/pages"}],"about":[{"href":"https:\/\/expai.ftpporto.com\/index.php?rest_route=\/wp\/v2\/types\/page"}],"author":[{"embeddable":true,"href":"https:\/\/expai.ftpporto.com\/index.php?rest_route=\/wp\/v2\/users\/1"}],"replies":[{"embeddable":true,"href":"https:\/\/expai.ftpporto.com\/index.php?rest_route=%2Fwp%2Fv2%2Fcomments&post=44"}],"version-history":[{"count":40,"href":"https:\/\/expai.ftpporto.com\/index.php?rest_route=\/wp\/v2\/pages\/44\/revisions"}],"predecessor-version":[{"id":203,"href":"https:\/\/expai.ftpporto.com\/index.php?rest_route=\/wp\/v2\/pages\/44\/revisions\/203"}],"wp:attachment":[{"href":"https:\/\/expai.ftpporto.com\/index.php?rest_route=%2Fwp%2Fv2%2Fmedia&parent=44"}],"curies":[{"name":"wp","href":"https:\/\/api.w.org\/{rel}","templated":true}]}}